{"id":177,"date":"2023-12-19T21:52:46","date_gmt":"2023-12-19T20:52:46","guid":{"rendered":"https:\/\/agnieszkakrason.eu\/?page_id=177"},"modified":"2024-02-28T16:20:28","modified_gmt":"2024-02-28T15:20:28","slug":"agnieszka-krason","status":"publish","type":"page","link":"https:\/\/agnieszkakrason.eu\/","title":{"rendered":"O mnie"},"content":{"rendered":"\n<div class=\"wp-block-media-text has-media-on-the-right is-stacked-on-mobile is-vertically-aligned-top has-small-font-size\" style=\"grid-template-columns:auto 34%\"><div class=\"wp-block-media-text__content\">\n<p style=\"text-align: justify;\">Je\u017celi w obecnej chwili czujesz si\u0119 niekomfortowo, odczuwasz cierpienie lub prze\u017cywasz kryzys, a mo\u017ce przydarzy\u0142o Ci si\u0119 co\u015b co jest dla ciebie trudne i\u00a0samemu jest ci\u0119\u017cko sobie z tym poradzi\u0107. Zadbaj o siebie i um\u00f3w si\u0119 na konsultacj\u0119.<\/p>\n<p style=\"text-align: justify;\">Nazywam si\u0119 Agnieszka Kraso\u0144 jestem psychoterapeutk\u0105, nale\u017c\u0119 do grona Polskiego Towarzystwa Psychoterapii Psychodynamicznej, od 26 lat pracuje z lud\u017ami dbaj\u0105c o ich zdrowie psychiczne. Wsp\u00f3lnie mo\u017cemy przyjrze\u0107 si\u0119 temu co w danym momencie jest dla Ciebie trudne i d\u0105\u017cy\u0107 do zrozumienia tego oraz do zmiany. Podczas psychoterapii mo\u017cesz w bezpiecznych warunkach pozwoli\u0107 sobie na prze\u017cywanie wszelkich emocji pracuj\u0105c nad popraw\u0105 swojego dobrostanu.<\/p>\n<p class=\"gwp7d59a61b_MsoNormal\">Psychoterapia mo\u017ce pom\u00f3c, gdy pojawiaj\u0105 si\u0119 :<\/p>\n<p class=\"gwp7d59a61b_MsoListParagraphCxSpFirst\" style=\"padding-left: 40px;\"><span>&#8211;\u00a0 <\/span>stany l\u0119kowe &#8211; natr\u0119tne my\u015bli, niepok\u00f3j, fobie, ataki paniki<\/p>\n<p class=\"gwp7d59a61b_MsoListParagraphCxSpMiddle\" style=\"padding-left: 40px;\"><span>&#8211;\u00a0 <\/span>stany depresyjne &#8211; uczucie smutku, utrata ch\u0119ci do \u017cycia, poczucie beznadziei<\/p>\n<p class=\"gwp7d59a61b_MsoListParagraphCxSpMiddle\" style=\"padding-left: 40px;\"><span>&#8211;\u00a0 <\/span>zaburzenia nastroju &#8211; depresja, CHAD<\/p>\n<p class=\"gwp7d59a61b_MsoListParagraphCxSpMiddle\" style=\"padding-left: 40px;\"><span>&#8211;\u00a0 <\/span>trudno\u015bci w relacjach z innymi &#8211; izolowanie si\u0119, trudno\u015bci z blisko\u015bci\u0105<\/p>\n<p class=\"gwp7d59a61b_MsoListParagraphCxSpMiddle\" style=\"padding-left: 40px;\"><span>&#8211;\u00a0 <\/span>trudno\u015bci adaptacyjne &#8211; przeprowadzka, nowa praca<\/p>\n<p class=\"gwp7d59a61b_MsoListParagraphCxSpMiddle\" style=\"padding-left: 40px;\"><span>&#8211;\u00a0 <\/span>trudno\u015bci w stawianiu granic, niska samoocena<\/p>\n<p class=\"gwp7d59a61b_MsoListParagraphCxSpMiddle\" style=\"padding-left: 40px;\"><span>&#8211;\u00a0 <\/span>dolegliwo\u015bci somatyczne bez przyczyny medycznej<\/p>\n<p class=\"gwp7d59a61b_MsoListParagraphCxSpMiddle\" style=\"padding-left: 40px;\"><span>&#8211;\u00a0 <\/span>problemy ze snem<\/p>\n<p class=\"gwp7d59a61b_MsoListParagraphCxSpLast\" style=\"padding-left: 40px;\"><span>&#8211;\u00a0 <\/span>straty &#8211; \u015bmier\u0107 bliskiej osoby, rozw\u00f3d, rozstanie<\/p>\n<\/div><figure class=\"wp-block-media-text__media\"><img loading=\"lazy\" decoding=\"async\" width=\"771\" height=\"1024\" src=\"http:\/\/agnieszkakrason.eu\/wp-content\/uploads\/2024\/02\/IMG_20240228_142818-771x1024.jpg\" alt=\"\" class=\"wp-image-335 size-full\" srcset=\"https:\/\/agnieszkakrason.eu\/wp-content\/uploads\/2024\/02\/IMG_20240228_142818-771x1024.jpg 771w, https:\/\/agnieszkakrason.eu\/wp-content\/uploads\/2024\/02\/IMG_20240228_142818-226x300.jpg 226w, https:\/\/agnieszkakrason.eu\/wp-content\/uploads\/2024\/02\/IMG_20240228_142818-768x1020.jpg 768w, https:\/\/agnieszkakrason.eu\/wp-content\/uploads\/2024\/02\/IMG_20240228_142818-1157x1536.jpg 1157w, https:\/\/agnieszkakrason.eu\/wp-content\/uploads\/2024\/02\/IMG_20240228_142818-1542x2048.jpg 1542w, https:\/\/agnieszkakrason.eu\/wp-content\/uploads\/2024\/02\/IMG_20240228_142818-scaled.jpg 1928w\" sizes=\"auto, (max-width: 771px) 100vw, 771px\" \/><\/figure><\/div>\n","protected":false},"excerpt":{"rendered":"<p>Je\u017celi w obecnej chwili czujesz si\u0119 niekomfortowo, odczuwasz cierpienie lub prze\u017cywasz kryzys, a mo\u017ce przydarzy\u0142o Ci si\u0119 co\u015b co jest dla ciebie trudne i\u00a0samemu jest ci\u0119\u017cko sobie z tym poradzi\u0107. Zadbaj o siebie i um\u00f3w si\u0119 na konsultacj\u0119. Nazywam si\u0119 Agnieszka Kraso\u0144 jestem psychoterapeutk\u0105, nale\u017c\u0119 do grona Polskiego Towarzystwa Psychoterapii [&hellip;]<\/p>\n","protected":false},"author":1,"featured_media":295,"parent":0,"menu_order":0,"comment_status":"closed","ping_status":"closed","template":"","meta":{"footnotes":""},"class_list":["post-177","page","type-page","status-publish","has-post-thumbnail","hentry"],"_links":{"self":[{"href":"https:\/\/agnieszkakrason.eu\/index.php\/wp-json\/wp\/v2\/pages\/177","targetHints":{"allow":["GET"]}}],"collection":[{"href":"https:\/\/agnieszkakrason.eu\/index.php\/wp-json\/wp\/v2\/pages"}],"about":[{"href":"https:\/\/agnieszkakrason.eu\/index.php\/wp-json\/wp\/v2\/types\/page"}],"author":[{"embeddable":true,"href":"https:\/\/agnieszkakrason.eu\/index.php\/wp-json\/wp\/v2\/users\/1"}],"replies":[{"embeddable":true,"href":"https:\/\/agnieszkakrason.eu\/index.php\/wp-json\/wp\/v2\/comments?post=177"}],"version-history":[{"count":25,"href":"https:\/\/agnieszkakrason.eu\/index.php\/wp-json\/wp\/v2\/pages\/177\/revisions"}],"predecessor-version":[{"id":336,"href":"https:\/\/agnieszkakrason.eu\/index.php\/wp-json\/wp\/v2\/pages\/177\/revisions\/336"}],"wp:featuredmedia":[{"embeddable":true,"href":"https:\/\/agnieszkakrason.eu\/index.php\/wp-json\/wp\/v2\/media\/295"}],"wp:attachment":[{"href":"https:\/\/agnieszkakrason.eu\/index.php\/wp-json\/wp\/v2\/media?parent=177"}],"curies":[{"name":"wp","href":"https:\/\/api.w.org\/{rel}","templated":true}]}}